{"id":2373,"date":"2024-12-10T08:20:31","date_gmt":"2024-12-10T08:20:31","guid":{"rendered":"https:\/\/lansbalans.com\/my-account\/"},"modified":"2025-03-06T06:05:48","modified_gmt":"2025-03-06T06:05:48","slug":"my-account","status":"publish","type":"page","link":"https:\/\/lansbalans.com\/en\/my-account\/","title":{"rendered":"My Account"},"content":{"rendered":"\t\t<div data-elementor-type=\"wp-page\" data-elementor-id=\"2373\" class=\"elementor elementor-2373 elementor-929\" data-elementor-post-type=\"page\">\n\t\t\t\t<div class=\"elementor-element elementor-element-ab566e6 e-flex e-con-boxed e-con e-parent\" data-id=\"ab566e6\" data-element_type=\"container\" data-settings=\"{&quot;background_background&quot;:&quot;classic&quot;}\">\n\t\t\t\t\t<div class=\"e-con-inner\">\n\t\t<div class=\"elementor-element elementor-element-6376f038 e-con-full e-flex e-con e-child\" data-id=\"6376f038\" data-element_type=\"container\">\n\t\t\t\t<\/div>\n\t\t<div class=\"elementor-element elementor-element-447fc823 elementor-hidden-tablet elementor-hidden-phone e-con-full e-flex e-con e-child\" data-id=\"447fc823\" data-element_type=\"container\">\n\t\t\t\t<\/div>\n\t\t\t\t\t<\/div>\n\t\t\t\t<\/div>\n\t\t<div class=\"elementor-element elementor-element-5d394a6 e-flex e-con-boxed e-con e-parent\" data-id=\"5d394a6\" data-element_type=\"container\">\n\t\t\t\t\t<div class=\"e-con-inner\">\n\t\t\t\t<div class=\"elementor-element elementor-element-0ef6508 e-my-account-tabs-vertical elementor-widget elementor-widget-woocommerce-my-account\" data-id=\"0ef6508\" data-element_type=\"widget\" data-widget_type=\"woocommerce-my-account.default\">\n\t\t\t\t<div class=\"elementor-widget-container\">\n\t\t\t\t\t<div class=\"e-my-account-tab e-my-account-tab__ \">\t\t\t<div class=\"woocommerce\"><\/div>\t\t<\/div>\n\t\t\t\t\t\t<\/div>\n\t\t\t\t<\/div>\n\t\t\t\t\t<\/div>\n\t\t\t\t<\/div>\n\t\t\t\t<\/div>\n\t\t","protected":false},"excerpt":{"rendered":"<p>Kokpit Zam\u00f3wienia Pliki do pobrania Adres Dane konta Wyloguj si\u0119 Witaj Administrator (nie jeste\u015b Administrator? Wyloguj si\u0119) W ustawieniach swojego konta mo\u017cesz przejrze\u0107 swoje ostatnie zam\u00f3wienia, zarz\u0105dza\u0107 adresami p\u0142atno\u015bci i dostawy oraz zmienia\u0107 has\u0142o i szczeg\u00f3\u0142y konta.<\/p>\n","protected":false},"author":3,"featured_media":0,"parent":0,"menu_order":0,"comment_status":"closed","ping_status":"closed","template":"","meta":{"footnotes":""},"class_list":["post-2373","page","type-page","status-publish","hentry"],"yoast_head":"<!-- This site is optimized with the Yoast SEO plugin v24.6 - https:\/\/yoast.com\/wordpress\/plugins\/seo\/ -->\n<title>My Account - Lans Balans<\/title>\n<meta name=\"robots\" content=\"index, follow, max-snippet:-1, max-image-preview:large, max-video-preview:-1\" \/>\n<link rel=\"canonical\" href=\"https:\/\/lansbalans.com\/en\/my-account\/\" \/>\n<meta property=\"og:locale\" content=\"en_US\" \/>\n<meta property=\"og:type\" content=\"article\" \/>\n<meta property=\"og:title\" content=\"My Account - Lans Balans\" \/>\n<meta property=\"og:description\" content=\"Kokpit Zam\u00f3wienia Pliki do pobrania Adres Dane konta Wyloguj si\u0119 Witaj Administrator (nie jeste\u015b Administrator? Wyloguj si\u0119) W ustawieniach swojego konta mo\u017cesz przejrze\u0107 swoje ostatnie zam\u00f3wienia, zarz\u0105dza\u0107 adresami p\u0142atno\u015bci i dostawy oraz zmienia\u0107 has\u0142o i szczeg\u00f3\u0142y konta.\" \/>\n<meta property=\"og:url\" content=\"https:\/\/lansbalans.com\/en\/my-account\/\" \/>\n<meta property=\"og:site_name\" content=\"Lans Balans\" \/>\n<meta property=\"article:modified_time\" content=\"2025-03-06T06:05:48+00:00\" \/>\n<meta name=\"twitter:card\" content=\"summary_large_image\" \/>\n<script type=\"application\/ld+json\" class=\"yoast-schema-graph\">{\"@context\":\"https:\/\/schema.org\",\"@graph\":[{\"@type\":\"WebPage\",\"@id\":\"https:\/\/lansbalans.com\/en\/my-account\/\",\"url\":\"https:\/\/lansbalans.com\/en\/my-account\/\",\"name\":\"My Account - Lans Balans\",\"isPartOf\":{\"@id\":\"https:\/\/lansbalans.com\/en\/#website\"},\"datePublished\":\"2024-12-10T08:20:31+00:00\",\"dateModified\":\"2025-03-06T06:05:48+00:00\",\"breadcrumb\":{\"@id\":\"https:\/\/lansbalans.com\/en\/my-account\/#breadcrumb\"},\"inLanguage\":\"en-US\",\"potentialAction\":[{\"@type\":\"ReadAction\",\"target\":[\"https:\/\/lansbalans.com\/en\/my-account\/\"]}]},{\"@type\":\"BreadcrumbList\",\"@id\":\"https:\/\/lansbalans.com\/en\/my-account\/#breadcrumb\",\"itemListElement\":[{\"@type\":\"ListItem\",\"position\":1,\"name\":\"Strona g\u0142\u00f3wna\",\"item\":\"https:\/\/lansbalans.com\/en\/\"},{\"@type\":\"ListItem\",\"position\":2,\"name\":\"My Account\"}]},{\"@type\":\"WebSite\",\"@id\":\"https:\/\/lansbalans.com\/en\/#website\",\"url\":\"https:\/\/lansbalans.com\/en\/\",\"name\":\"Lans Balans\",\"description\":\"Daria Kister\",\"publisher\":{\"@id\":\"https:\/\/lansbalans.com\/en\/#organization\"},\"potentialAction\":[{\"@type\":\"SearchAction\",\"target\":{\"@type\":\"EntryPoint\",\"urlTemplate\":\"https:\/\/lansbalans.com\/en\/?s={search_term_string}\"},\"query-input\":{\"@type\":\"PropertyValueSpecification\",\"valueRequired\":true,\"valueName\":\"search_term_string\"}}],\"inLanguage\":\"en-US\"},{\"@type\":\"Organization\",\"@id\":\"https:\/\/lansbalans.com\/en\/#organization\",\"name\":\"Lans Balans\",\"url\":\"https:\/\/lansbalans.com\/en\/\",\"logo\":{\"@type\":\"ImageObject\",\"inLanguage\":\"en-US\",\"@id\":\"https:\/\/lansbalans.com\/en\/#\/schema\/logo\/image\/\",\"url\":\"https:\/\/lansbalans.com\/wp-content\/uploads\/2024\/10\/logo.png\",\"contentUrl\":\"https:\/\/lansbalans.com\/wp-content\/uploads\/2024\/10\/logo.png\",\"width\":646,\"height\":170,\"caption\":\"Lans Balans\"},\"image\":{\"@id\":\"https:\/\/lansbalans.com\/en\/#\/schema\/logo\/image\/\"}}]}<\/script>\n<!-- \/ Yoast SEO plugin. -->","yoast_head_json":{"title":"My Account - Lans Balans","robots":{"index":"index","follow":"follow","max-snippet":"max-snippet:-1","max-image-preview":"max-image-preview:large","max-video-preview":"max-video-preview:-1"},"canonical":"https:\/\/lansbalans.com\/en\/my-account\/","og_locale":"en_US","og_type":"article","og_title":"My Account - Lans Balans","og_description":"Kokpit Zam\u00f3wienia Pliki do pobrania Adres Dane konta Wyloguj si\u0119 Witaj Administrator (nie jeste\u015b Administrator? Wyloguj si\u0119) W ustawieniach swojego konta mo\u017cesz przejrze\u0107 swoje ostatnie zam\u00f3wienia, zarz\u0105dza\u0107 adresami p\u0142atno\u015bci i dostawy oraz zmienia\u0107 has\u0142o i szczeg\u00f3\u0142y konta.","og_url":"https:\/\/lansbalans.com\/en\/my-account\/","og_site_name":"Lans Balans","article_modified_time":"2025-03-06T06:05:48+00:00","twitter_card":"summary_large_image","schema":{"@context":"https:\/\/schema.org","@graph":[{"@type":"WebPage","@id":"https:\/\/lansbalans.com\/en\/my-account\/","url":"https:\/\/lansbalans.com\/en\/my-account\/","name":"My Account - Lans Balans","isPartOf":{"@id":"https:\/\/lansbalans.com\/en\/#website"},"datePublished":"2024-12-10T08:20:31+00:00","dateModified":"2025-03-06T06:05:48+00:00","breadcrumb":{"@id":"https:\/\/lansbalans.com\/en\/my-account\/#breadcrumb"},"inLanguage":"en-US","potentialAction":[{"@type":"ReadAction","target":["https:\/\/lansbalans.com\/en\/my-account\/"]}]},{"@type":"BreadcrumbList","@id":"https:\/\/lansbalans.com\/en\/my-account\/#breadcrumb","itemListElement":[{"@type":"ListItem","position":1,"name":"Strona g\u0142\u00f3wna","item":"https:\/\/lansbalans.com\/en\/"},{"@type":"ListItem","position":2,"name":"My Account"}]},{"@type":"WebSite","@id":"https:\/\/lansbalans.com\/en\/#website","url":"https:\/\/lansbalans.com\/en\/","name":"Lans Balans","description":"Daria Kister","publisher":{"@id":"https:\/\/lansbalans.com\/en\/#organization"},"potentialAction":[{"@type":"SearchAction","target":{"@type":"EntryPoint","urlTemplate":"https:\/\/lansbalans.com\/en\/?s={search_term_string}"},"query-input":{"@type":"PropertyValueSpecification","valueRequired":true,"valueName":"search_term_string"}}],"inLanguage":"en-US"},{"@type":"Organization","@id":"https:\/\/lansbalans.com\/en\/#organization","name":"Lans Balans","url":"https:\/\/lansbalans.com\/en\/","logo":{"@type":"ImageObject","inLanguage":"en-US","@id":"https:\/\/lansbalans.com\/en\/#\/schema\/logo\/image\/","url":"https:\/\/lansbalans.com\/wp-content\/uploads\/2024\/10\/logo.png","contentUrl":"https:\/\/lansbalans.com\/wp-content\/uploads\/2024\/10\/logo.png","width":646,"height":170,"caption":"Lans Balans"},"image":{"@id":"https:\/\/lansbalans.com\/en\/#\/schema\/logo\/image\/"}}]}},"_links":{"self":[{"href":"https:\/\/lansbalans.com\/en\/wp-json\/wp\/v2\/pages\/2373","targetHints":{"allow":["GET"]}}],"collection":[{"href":"https:\/\/lansbalans.com\/en\/wp-json\/wp\/v2\/pages"}],"about":[{"href":"https:\/\/lansbalans.com\/en\/wp-json\/wp\/v2\/types\/page"}],"author":[{"embeddable":true,"href":"https:\/\/lansbalans.com\/en\/wp-json\/wp\/v2\/users\/3"}],"replies":[{"embeddable":true,"href":"https:\/\/lansbalans.com\/en\/wp-json\/wp\/v2\/comments?post=2373"}],"version-history":[{"count":0,"href":"https:\/\/lansbalans.com\/en\/wp-json\/wp\/v2\/pages\/2373\/revisions"}],"wp:attachment":[{"href":"https:\/\/lansbalans.com\/en\/wp-json\/wp\/v2\/media?parent=2373"}],"curies":[{"name":"wp","href":"https:\/\/api.w.org\/{rel}","templated":true}]}}